{"id":476,"date":"2025-07-26T20:52:38","date_gmt":"2025-07-26T18:52:38","guid":{"rendered":"https:\/\/schv-klw.kcz-server.de\/?page_id=476"},"modified":"2026-03-28T22:01:58","modified_gmt":"2026-03-28T21:01:58","slug":"mitgliedschaft","status":"publish","type":"page","link":"https:\/\/www.schv-klw.de\/?page_id=476","title":{"rendered":"Mitgliedschaft"},"content":{"rendered":"<div data-colibri-id=\"476-c1\" class=\"style-286 style-local-476-c1 position-relative\">\n  <!---->\n  <div data-colibri-component=\"section\" data-colibri-id=\"476-c2\" id=\"about\" class=\"h-section h-section-global-spacing d-flex align-items-lg-center align-items-md-center align-items-center style-287 style-local-476-c2 position-relative\">\n    <!---->\n    <!---->\n    <div class=\"h-section-grid-container h-section-boxed-container\">\n      <!---->\n      <div data-colibri-id=\"476-c3\" class=\"h-row-container gutters-row-lg-0 gutters-row-md-0 gutters-row-0 gutters-row-v-lg-0 gutters-row-v-md-0 gutters-row-v-0 style-288 style-local-476-c3 position-relative\">\n        <!---->\n        <div class=\"h-row justify-content-lg-center justify-content-md-center justify-content-center align-items-lg-stretch align-items-md-stretch align-items-stretch gutters-col-lg-0 gutters-col-md-0 gutters-col-0 gutters-col-v-lg-0 gutters-col-v-md-0 gutters-col-v-0\">\n          <!---->\n          <div class=\"h-column h-column-container d-flex h-col-lg-auto h-col-md-auto h-col-auto style-289-outer style-local-476-c4-outer\">\n            <div data-colibri-id=\"476-c4\" class=\"d-flex h-flex-basis h-column__inner h-px-lg-0 h-px-md-0 h-px-0 v-inner-lg-0 v-inner-md-0 v-inner-0 style-289 style-local-476-c4 position-relative\">\n              <!---->\n              <!---->\n              <div class=\"w-100 h-y-container h-column__content h-column__v-align flex-basis-100 align-self-lg-start align-self-md-start align-self-start\">\n                <!---->\n                <div data-colibri-id=\"476-c5\" class=\"h-global-transition-all h-heading style-291 style-local-476-c5 position-relative h-element\">\n                  <!---->\n                  <div class=\"h-heading__outer style-291 style-local-476-c5\">\n                    <!---->\n                    <!---->\n                    <h2 class=\"\">Mitglied werden kann jeder &#8211; und das sofort!<\/h2>\n                  <\/div>\n                <\/div>\n                <div data-colibri-id=\"476-c6\" class=\"h-text h-text-component style-292 style-local-476-c6 position-relative h-element\">\n                  <!---->\n                  <!---->\n                  <div class=\"\">\n                    <p><span style=\"font-family: Verdana; font-size: 16px;\">Nachdem Sie sich hier auf unseren Seiten ganz bestimmt schon umgeschaut haben,<\/span><\/p>\n                    <p><span style=\"font-family: Verdana; font-size: 16px;\">k\u00f6nnen Sie auch gerne an unseren \u00d6ffnungstagen vorbei kommen und sich informieren.<\/span><\/p>\n                    <p>\n                      <br>\n                    <\/p>\n                    <p><span style=\"font-family: Verdana; font-size: 16px;\">Die \u00d6ffnungszeiten finden Sie unter den&nbsp;<\/span><\/p>\n                    <p><span style=\"font-family: Verdana; font-size: 16px;\">Trainingszeiten auf dieser Seite.<\/span><\/p>\n                    <p><span style=\"font-family: Verdana; font-size: 16px;\">F\u00fcr weitere Fragen stehen wie Ihnen auch gern zur Verf\u00fcgung.<\/span><\/p>\n                    <p><span style=\"font-family: Verdana; font-size: 16px;\">Nutzen Sie daf\u00fcr das<\/span><\/p>\n                  <\/div>\n                <\/div>\n                <div data-colibri-id=\"476-c7\" class=\"h-x-container style-667 style-local-476-c7 position-relative h-element\">\n                  <!---->\n                  <div class=\"h-x-container-inner style-dynamic-476-c7-group style-667-spacing style-local-476-c7-spacing\"><span class=\"h-button__outer style-668-outer style-local-476-c8-outer d-inline-flex h-element\"><a h-use-smooth-scroll=\"true\" href=\"https:\/\/www.schv-klw.de\/?page_id=695\"  data-colibri-id=\"476-c8\" class=\"d-flex w-100 align-items-center h-button justify-content-lg-center justify-content-md-center justify-content-center style-668 style-local-476-c8 position-relative\"><!----><!----> <span>Kontaktformular<\/span><\/a>\n                    <\/span>\n                  <\/div>\n                <\/div>\n              <\/div>\n            <\/div>\n          <\/div>\n          <div class=\"h-column h-column-container d-flex h-col-lg-auto h-col-md-auto h-col-auto style-293-outer style-local-476-c9-outer\">\n            <div data-colibri-id=\"476-c9\" class=\"d-flex h-flex-basis h-column__inner h-ui-empty-state-container h-px-lg-2 h-px-md-2 h-px-2 v-inner-lg-2 v-inner-md-2 v-inner-2 style-293 style-local-476-c9 position-relative\">\n              <!---->\n              <!---->\n              <div class=\"w-100 h-y-container h-column__content h-column__v-align flex-basis-100\">\n                <!---->\n              <\/div>\n            <\/div>\n          <\/div>\n        <\/div>\n      <\/div>\n    <\/div>\n  <\/div>\n  <div data-colibri-component=\"section\" data-colibri-id=\"476-c10\" id=\"custom-2\" class=\"h-section h-section-global-spacing d-flex align-items-lg-center align-items-md-center align-items-center style-308 style-local-476-c10 position-relative\">\n    <!---->\n    <!---->\n    <div class=\"h-section-grid-container h-section-boxed-container\">\n      <!---->\n      <div data-colibri-id=\"476-c11\" class=\"h-row-container gutters-row-lg-2 gutters-row-md-2 gutters-row-0 gutters-row-v-lg-2 gutters-row-v-md-2 gutters-row-v-2 style-309 style-local-476-c11 position-relative\">\n        <!---->\n        <div class=\"h-row justify-content-lg-center justify-content-md-center justify-content-center align-items-lg-stretch align-items-md-stretch align-items-stretch gutters-col-lg-2 gutters-col-md-2 gutters-col-0 gutters-col-v-lg-2 gutters-col-v-md-2 gutters-col-v-2\">\n          <!---->\n          <div class=\"h-column h-column-container d-flex h-col-lg-auto h-col-md-auto h-col-auto style-310-outer style-local-476-c12-outer\">\n            <div data-colibri-id=\"476-c12\" class=\"d-flex h-flex-basis h-column__inner h-px-lg-2 h-px-md-2 h-px-2 v-inner-lg-2 v-inner-md-2 v-inner-2 style-310 style-local-476-c12 position-relative\">\n              <!---->\n              <!---->\n              <div class=\"w-100 h-y-container h-column__content h-column__v-align flex-basis-100 align-self-lg-start align-self-md-start align-self-start\">\n                <!---->\n                <div data-colibri-id=\"476-c13\" class=\"h-x-container style-312 style-local-476-c13 position-relative h-element\">\n                  <!---->\n                  <div class=\"h-x-container-inner style-dynamic-476-c13-group style-312-spacing style-local-476-c13-spacing\"><span class=\"h-button__outer style-313-outer style-local-476-c14-outer d-inline-flex h-element\"><a h-use-smooth-scroll=\"true\" href=\"https:\/\/schv-klw.de\/?page_id=590\"  data-colibri-id=\"476-c14\" class=\"d-flex w-100 align-items-center h-button justify-content-lg-center justify-content-md-center justify-content-center style-313 style-local-476-c14 position-relative\"><!----><!----> <span>Beitragstabelle<\/span><\/a>\n                    <\/span>\n                  <\/div>\n                <\/div>\n              <\/div>\n            <\/div>\n          <\/div>\n          <div class=\"h-column h-column-container d-flex h-col-lg-auto h-col-md-auto h-col-auto style-311-outer style-local-476-c15-outer\">\n            <div data-colibri-id=\"476-c15\" class=\"d-flex h-flex-basis h-column__inner h-px-lg-2 h-px-md-2 h-px-2 v-inner-lg-2 v-inner-md-2 v-inner-2 style-311 style-local-476-c15 position-relative\">\n              <!---->\n              <!---->\n              <div class=\"w-100 h-y-container h-column__content h-column__v-align flex-basis-100 align-self-lg-start align-self-md-start align-self-start\">\n                <!---->\n                <div data-colibri-id=\"476-c16\" class=\"h-x-container style-317 style-local-476-c16 position-relative h-element\">\n                  <!---->\n                  <div class=\"h-x-container-inner style-dynamic-476-c16-group style-317-spacing style-local-476-c16-spacing\"><span class=\"h-button__outer style-318-outer style-local-476-c17-outer d-inline-flex h-element\"><a h-use-smooth-scroll=\"true\" href=\"https:\/\/schv-klw.de\/?page_id=594\"  data-colibri-id=\"476-c17\" class=\"d-flex w-100 align-items-center h-button justify-content-lg-center justify-content-md-center justify-content-center style-318 style-local-476-c17 position-relative\"><!----><!----> <span>Mitgliedsantrag<\/span><\/a>\n                    <\/span>\n                  <\/div>\n                <\/div>\n              <\/div>\n            <\/div>\n          <\/div>\n          <div class=\"h-column h-column-container d-flex h-col-lg-auto h-col-md-auto h-col-auto style-813-outer style-local-476-c18-outer\">\n            <div data-colibri-id=\"476-c18\" class=\"d-flex h-flex-basis h-column__inner h-px-lg-2 h-px-md-2 h-px-2 v-inner-lg-2 v-inner-md-2 v-inner-2 style-813 style-local-476-c18 position-relative\">\n              <!---->\n              <!---->\n              <div class=\"w-100 h-y-container h-column__content h-column__v-align flex-basis-100 align-self-lg-start align-self-md-start align-self-start\">\n                <!---->\n                <div data-colibri-id=\"476-c19\" class=\"h-x-container style-814 style-local-476-c19 position-relative h-element\">\n                  <!---->\n                  <div class=\"h-x-container-inner style-dynamic-476-c19-group style-814-spacing style-local-476-c19-spacing\"><span class=\"h-button__outer style-815-outer style-local-476-c20-outer d-inline-flex h-element\"><a h-use-smooth-scroll=\"true\" href=\"https:\/\/www.schv-klw.de\/?page_id=3011\"  data-colibri-id=\"476-c20\" class=\"d-flex w-100 align-items-center h-button justify-content-lg-center justify-content-md-center justify-content-center style-815 style-local-476-c20 position-relative\"><!----><!----> <span>Mitgliedsantrag ausf\u00fcllbar<\/span><\/a>\n                    <\/span>\n                  <\/div>\n                <\/div>\n              <\/div>\n            <\/div>\n          <\/div>\n          <div class=\"h-column h-column-container d-flex h-col-lg-auto h-col-md-auto h-col-auto style-849-outer style-local-476-c21-outer\">\n            <div data-colibri-id=\"476-c21\" class=\"d-flex h-flex-basis h-column__inner h-px-lg-2 h-px-md-2 h-px-2 v-inner-lg-2 v-inner-md-2 v-inner-2 style-849 style-local-476-c21 position-relative\">\n              <!---->\n              <!---->\n              <div class=\"w-100 h-y-container h-column__content h-column__v-align flex-basis-100 align-self-lg-start align-self-md-start align-self-start\">\n                <!---->\n                <div data-colibri-id=\"476-c23\" class=\"h-x-container style-851 style-local-476-c23 position-relative h-element\">\n                  <!---->\n                  <div class=\"h-x-container-inner style-dynamic-476-c23-group style-851-spacing style-local-476-c23-spacing\"><span class=\"h-button__outer style-852-outer style-local-476-c24-outer d-inline-flex h-element\"><a h-use-smooth-scroll=\"true\" href=\"https:\/\/www.schv-klw.de\/?page_id=3077\"  data-colibri-id=\"476-c24\" class=\"d-flex w-100 align-items-center h-button justify-content-lg-center justify-content-md-center justify-content-center style-852 style-local-476-c24 position-relative\"><!----><!----> <span>SEPA<\/span><\/a>\n                    <\/span>\n                  <\/div>\n                <\/div>\n              <\/div>\n            <\/div>\n          <\/div>\n          <div class=\"h-column h-column-container d-flex h-col-lg-auto h-col-md-auto h-col-auto style-850-outer style-local-476-c22-outer\">\n            <div data-colibri-id=\"476-c22\" class=\"d-flex h-flex-basis h-column__inner h-px-lg-2 h-px-md-2 h-px-2 v-inner-lg-2 v-inner-md-2 v-inner-2 style-850 style-local-476-c22 position-relative\">\n              <!---->\n              <!---->\n              <div class=\"w-100 h-y-container h-column__content h-column__v-align flex-basis-100 align-self-lg-start align-self-md-start align-self-start\">\n                <!---->\n                <div data-colibri-id=\"476-c25\" class=\"h-x-container style-853 style-local-476-c25 position-relative h-element\">\n                  <!---->\n                  <div class=\"h-x-container-inner style-dynamic-476-c25-group style-853-spacing style-local-476-c25-spacing\"><span class=\"h-button__outer style-854-outer style-local-476-c26-outer d-inline-flex h-element\"><a h-use-smooth-scroll=\"true\" href=\"https:\/\/www.schv-klw.de\/?page_id=3087\"  data-colibri-id=\"476-c26\" class=\"d-flex w-100 align-items-center h-button justify-content-lg-center justify-content-md-center justify-content-center style-854 style-local-476-c26 position-relative\"><!----><!----> <span>SEPA Ausf\u00fcllbar<\/span><\/a>\n                    <\/span>\n                  <\/div>\n                <\/div>\n              <\/div>\n            <\/div>\n          <\/div>\n        <\/div>\n      <\/div>\n    <\/div>\n  <\/div>\n<\/div>","protected":false},"excerpt":{"rendered":"<p>Mitglied werden kann jeder &#8211; und das sofort! Nachdem Sie sich hier auf unseren Seiten ganz bestimmt schon umgeschaut haben, k\u00f6nnen Sie auch gerne an unseren \u00d6ffnungstagen vorbei kommen und sich informieren. Die \u00d6ffnungszeiten finden Sie unter den&nbsp; Trainingszeiten auf dieser Seite. F\u00fcr weitere Fragen stehen wie Ihnen auch gern zur Verf\u00fcgung. Nutzen Sie daf\u00fcr [&hellip;]<\/p>\n","protected":false},"author":1,"featured_media":0,"parent":0,"menu_order":0,"comment_status":"closed","ping_status":"closed","template":"page-templates\/full-width-page.php","meta":{"footnotes":""},"class_list":["post-476","page","type-page","status-publish","hentry"],"aioseo_notices":[],"_links":{"self":[{"href":"https:\/\/www.schv-klw.de\/index.php?rest_route=\/wp\/v2\/pages\/476","targetHints":{"allow":["GET"]}}],"collection":[{"href":"https:\/\/www.schv-klw.de\/index.php?rest_route=\/wp\/v2\/pages"}],"about":[{"href":"https:\/\/www.schv-klw.de\/index.php?rest_route=\/wp\/v2\/types\/page"}],"author":[{"embeddable":true,"href":"https:\/\/www.schv-klw.de\/index.php?rest_route=\/wp\/v2\/users\/1"}],"replies":[{"embeddable":true,"href":"https:\/\/www.schv-klw.de\/index.php?rest_route=%2Fwp%2Fv2%2Fcomments&post=476"}],"version-history":[{"count":20,"href":"https:\/\/www.schv-klw.de\/index.php?rest_route=\/wp\/v2\/pages\/476\/revisions"}],"predecessor-version":[{"id":3092,"href":"https:\/\/www.schv-klw.de\/index.php?rest_route=\/wp\/v2\/pages\/476\/revisions\/3092"}],"wp:attachment":[{"href":"https:\/\/www.schv-klw.de\/index.php?rest_route=%2Fwp%2Fv2%2Fmedia&parent=476"}],"curies":[{"name":"wp","href":"https:\/\/api.w.org\/{rel}","templated":true}]}}