{"id":835,"date":"2025-07-29T23:54:40","date_gmt":"2025-07-29T21:54:40","guid":{"rendered":"https:\/\/schv-klw.kcz-server.de\/?page_id=835"},"modified":"2025-07-30T00:05:06","modified_gmt":"2025-07-29T22:05:06","slug":"impressum","status":"publish","type":"page","link":"https:\/\/www.schv-klw.de\/?page_id=835","title":{"rendered":"Impressum"},"content":{"rendered":"<div data-colibri-id=\"835-c1\" class=\"style-385 style-local-835-c1 position-relative\">\n  <!---->\n  <div data-colibri-component=\"section\" data-colibri-id=\"835-c2\" id=\"about\" class=\"h-section h-section-global-spacing d-flex align-items-lg-center align-items-md-center align-items-center style-386 style-local-835-c2 position-relative\">\n    <!---->\n    <!---->\n    <div class=\"h-section-grid-container h-section-boxed-container\">\n      <!---->\n      <div data-colibri-id=\"835-c3\" class=\"h-row-container gutters-row-lg-0 gutters-row-md-0 gutters-row-0 gutters-row-v-lg-0 gutters-row-v-md-0 gutters-row-v-0 style-387 style-local-835-c3 position-relative\">\n        <!---->\n        <div class=\"h-row justify-content-lg-center justify-content-md-center justify-content-center align-items-lg-stretch align-items-md-stretch align-items-stretch gutters-col-lg-0 gutters-col-md-0 gutters-col-0 gutters-col-v-lg-0 gutters-col-v-md-0 gutters-col-v-0\">\n          <!---->\n          <div class=\"h-column h-column-container d-flex h-col-lg-auto h-col-md-auto h-col-auto style-388-outer style-local-835-c4-outer\">\n            <div data-colibri-id=\"835-c4\" class=\"d-flex h-flex-basis h-column__inner h-px-lg-0 h-px-md-0 h-px-0 v-inner-lg-0 v-inner-md-0 v-inner-0 style-388 style-local-835-c4 position-relative\">\n              <!---->\n              <!---->\n              <div class=\"w-100 h-y-container h-column__content h-column__v-align flex-basis-100 align-self-lg-start align-self-md-start align-self-start\">\n                <!---->\n                <div data-colibri-id=\"835-c5\" class=\"h-global-transition-all h-heading style-390 style-local-835-c5 position-relative h-element\">\n                  <!---->\n                  <div class=\"h-heading__outer style-390 style-local-835-c5\">\n                    <!---->\n                    <!---->\n                    <h1 class=\"\">Impressum<\/h1>\n                  <\/div>\n                <\/div>\n                <div data-colibri-id=\"835-c6\" class=\"h-text h-text-component style-391 style-local-835-c6 position-relative h-element\">\n                  <!---->\n                  <!---->\n                  <div class=\"\">\n                    <p><span style=\"font-size: 13px;\">Angaben zur allgemeinen Informationspflicht gem\u00e4\u00df \u00a76 Teledienstgesetz:<\/span><\/p>\n                    <p><span style=\"font-size: 13px;\"><br>Verantwortlicher der Homepage:<br><\/span><span style=\"font-size: 12px;\">Sch\u00fctzenverein Klein Wesenberg<br>und Umgegend von 1919 e.V.<\/span><span><br><\/span><\/p>\n                    <p><span style=\"font-size: 12px;\">Eingetragen im Vereinsregister<br>Amtsgericht L\u00fcbeck&nbsp;VR 238 OD<\/span>\n                      <br>\n                      <br>Homepage:&nbsp;<span style=\"font-size: 13px;\">http:\/\/www.schv-klw.de\/<\/span><\/p>\n                    <p><span style=\"font-size: 12px;\">Postanschrift:<br>1. Vorsitzender<\/span>\n                      <br><span style=\"font-size: 12px;\">Andreas M\u00f6ller<br>Hauptstra\u00dfe 24<br>23860 Klein Wesenberg<\/span><\/p>\n                    <p><span style=\"font-size: 12px;\">Tel: 04533-5717<br>Fax: 04533-709328<br>E-Mail:&nbsp;<\/span>\n                      <a href=\"about:blank\" style=\"font-size: 13px; color: rgb(128, 0, 0);\"><span>E-Mail<\/span><\/a>\n                    <\/p>\n                    <p><span style=\"font-size: 12px;\">E-Mail: webmaster \u00c4T schv MINUS klw PUNKT de<\/span><\/p>\n                  <\/div>\n                <\/div>\n              <\/div>\n            <\/div>\n          <\/div>\n          <div class=\"h-column h-column-container d-flex h-col-lg-auto h-col-md-auto h-col-auto style-392-outer style-local-835-c7-outer\">\n            <div data-colibri-id=\"835-c7\" class=\"d-flex h-flex-basis h-column__inner h-ui-empty-state-container h-px-lg-2 h-px-md-2 h-px-2 v-inner-lg-2 v-inner-md-2 v-inner-2 style-392 style-local-835-c7 position-relative\">\n              <!---->\n              <!---->\n              <div class=\"w-100 h-y-container h-column__content h-column__v-align flex-basis-100\">\n                <!---->\n              <\/div>\n            <\/div>\n          <\/div>\n        <\/div>\n      <\/div>\n    <\/div>\n  <\/div>\n  <div data-colibri-component=\"section\" data-colibri-id=\"835-c8\" id=\"custom\" class=\"h-section h-section-global-spacing d-flex align-items-lg-center align-items-md-center align-items-center style-393 style-local-835-c8 position-relative\">\n    <!---->\n    <!---->\n    <div class=\"h-section-grid-container h-section-boxed-container\">\n      <!---->\n      <div data-colibri-id=\"835-c9\" class=\"h-row-container gutters-row-lg-2 gutters-row-md-2 gutters-row-0 gutters-row-v-lg-2 gutters-row-v-md-2 gutters-row-v-2 style-394 style-local-835-c9 position-relative\">\n        <!---->\n        <div class=\"h-row justify-content-lg-center justify-content-md-center justify-content-center align-items-lg-stretch align-items-md-stretch align-items-stretch gutters-col-lg-2 gutters-col-md-2 gutters-col-0 gutters-col-v-lg-2 gutters-col-v-md-2 gutters-col-v-2\">\n          <!---->\n          <div class=\"h-column h-column-container d-flex h-col-lg-auto h-col-md-auto h-col-auto style-395-outer style-local-835-c10-outer\">\n            <div data-colibri-id=\"835-c10\" class=\"d-flex h-flex-basis h-column__inner h-px-lg-2 h-px-md-2 h-px-2 v-inner-lg-2 v-inner-md-2 v-inner-2 style-395 style-local-835-c10 position-relative\">\n              <!---->\n              <!---->\n              <div class=\"w-100 h-y-container h-column__content h-column__v-align flex-basis-100 align-self-lg-start align-self-md-start align-self-start\">\n                <!---->\n                <div data-colibri-id=\"835-c11\" class=\"h-text h-text-component style-396 style-local-835-c11 position-relative h-element\">\n                  <!---->\n                  <!---->\n                  <div class=\"\">\n                    <p><span style=\"font-size: 13px;\">Sch\u00fctzenhalle:<\/span>\n                      <br>\n                    <\/p>\n                    <p>Reeker Weg \/ Am Kirchberg,\n                      <br>23860 Klein Wesenberg\n                      <br>Tel.: 04533 &#8211; 3133\n                      <br>Fax: 04533 \u2013 7879 946<\/p>\n                  <\/div>\n                <\/div>\n              <\/div>\n            <\/div>\n          <\/div>\n        <\/div>\n      <\/div>\n    <\/div>\n  <\/div>\n<\/div>","protected":false},"excerpt":{"rendered":"<p>Impressum Angaben zur allgemeinen Informationspflicht gem\u00e4\u00df \u00a76 Teledienstgesetz: Verantwortlicher der Homepage:Sch\u00fctzenverein Klein Wesenbergund Umgegend von 1919 e.V. Eingetragen im VereinsregisterAmtsgericht L\u00fcbeck&nbsp;VR 238 OD Homepage:&nbsp;http:\/\/www.schv-klw.de\/ Postanschrift:1. Vorsitzender Andreas M\u00f6llerHauptstra\u00dfe 2423860 Klein Wesenberg Tel: 04533-5717Fax: 04533-709328E-Mail:&nbsp; E-Mail E-Mail: webmaster \u00c4T schv MINUS klw PUNKT de Sch\u00fctzenhalle: Reeker Weg \/ Am Kirchberg, 23860 Klein Wesenberg Tel.: 04533 &#8211; [&hellip;]<\/p>\n","protected":false},"author":1,"featured_media":0,"parent":0,"menu_order":0,"comment_status":"closed","ping_status":"closed","template":"page-templates\/full-width-page.php","meta":{"footnotes":""},"class_list":["post-835","page","type-page","status-publish","hentry"],"aioseo_notices":[],"_links":{"self":[{"href":"https:\/\/www.schv-klw.de\/index.php?rest_route=\/wp\/v2\/pages\/835","targetHints":{"allow":["GET"]}}],"collection":[{"href":"https:\/\/www.schv-klw.de\/index.php?rest_route=\/wp\/v2\/pages"}],"about":[{"href":"https:\/\/www.schv-klw.de\/index.php?rest_route=\/wp\/v2\/types\/page"}],"author":[{"embeddable":true,"href":"https:\/\/www.schv-klw.de\/index.php?rest_route=\/wp\/v2\/users\/1"}],"replies":[{"embeddable":true,"href":"https:\/\/www.schv-klw.de\/index.php?rest_route=%2Fwp%2Fv2%2Fcomments&post=835"}],"version-history":[{"count":3,"href":"https:\/\/www.schv-klw.de\/index.php?rest_route=\/wp\/v2\/pages\/835\/revisions"}],"predecessor-version":[{"id":848,"href":"https:\/\/www.schv-klw.de\/index.php?rest_route=\/wp\/v2\/pages\/835\/revisions\/848"}],"wp:attachment":[{"href":"https:\/\/www.schv-klw.de\/index.php?rest_route=%2Fwp%2Fv2%2Fmedia&parent=835"}],"curies":[{"name":"wp","href":"https:\/\/api.w.org\/{rel}","templated":true}]}}